{"id":13,"date":"2023-01-11T11:59:04","date_gmt":"2023-01-11T10:59:04","guid":{"rendered":"https:\/\/mmarchitecture.be\/?page_id=13"},"modified":"2023-01-11T12:18:45","modified_gmt":"2023-01-11T11:18:45","slug":"home","status":"publish","type":"page","link":"https:\/\/mmarchitecture.be\/","title":{"rendered":"home"},"content":{"rendered":"\t\t<div data-elementor-type=\"wp-page\" data-elementor-id=\"13\" class=\"elementor elementor-13\">\n\t\t\t\t\t\t\t\t\t<section class=\"elementor-section elementor-top-section elementor-element elementor-element-8898bf6 elementor-section-boxed elementor-section-height-default elementor-section-height-default\" data-id=\"8898bf6\" data-element_type=\"section\">\n\t\t\t\t\t\t<div class=\"elementor-container elementor-column-gap-default\">\n\t\t\t\t\t<div class=\"elementor-column elementor-col-100 elementor-top-column elementor-element elementor-element-ef07252\" data-id=\"ef07252\" data-element_type=\"column\">\n\t\t\t<div class=\"elementor-widget-wrap elementor-element-populated\">\n\t\t\t\t\t\t\t\t<div class=\"elementor-element elementor-element-9fe0e88 elementor-widget elementor-widget-image\" data-id=\"9fe0e88\" data-element_type=\"widget\" data-widget_type=\"image.default\">\n\t\t\t\t<div class=\"elementor-widget-container\">\n\t\t\t<style>\/*! elementor - v3.16.0 - 17-10-2023 *\/\n.elementor-widget-image{text-align:center}.elementor-widget-image a{display:inline-block}.elementor-widget-image a img[src$=\".svg\"]{width:48px}.elementor-widget-image img{vertical-align:middle;display:inline-block}<\/style>\t\t\t\t\t\t\t\t\t\t\t\t<img decoding=\"async\" width=\"300\" height=\"236\" src=\"https:\/\/mmarchitecture.be\/wp-content\/uploads\/2023\/01\/logo-michel-morez-300x236.png\" class=\"attachment-medium size-medium wp-image-21\" alt=\"\" loading=\"lazy\" srcset=\"https:\/\/mmarchitecture.be\/wp-content\/uploads\/2023\/01\/logo-michel-morez-300x236.png 300w, https:\/\/mmarchitecture.be\/wp-content\/uploads\/2023\/01\/logo-michel-morez-768x604.png 768w, https:\/\/mmarchitecture.be\/wp-content\/uploads\/2023\/01\/logo-michel-morez.png 989w\" sizes=\"(max-width: 300px) 100vw, 300px\" \/>\t\t\t\t\t\t\t\t\t\t\t\t\t\t\t<\/div>\n\t\t\t\t<\/div>\n\t\t\t\t\t<\/div>\n\t\t<\/div>\n\t\t\t\t\t\t\t<\/div>\n\t\t<\/section>\n\t\t\t\t<section class=\"elementor-section elementor-top-section elementor-element elementor-element-0dcc545 elementor-section-boxed elementor-section-height-default elementor-section-height-default\" data-id=\"0dcc545\" data-element_type=\"section\" data-settings=\"{&quot;background_background&quot;:&quot;classic&quot;}\">\n\t\t\t\t\t\t<div class=\"elementor-container elementor-column-gap-default\">\n\t\t\t\t\t<div class=\"elementor-column elementor-col-100 elementor-top-column elementor-element elementor-element-d3efb62\" data-id=\"d3efb62\" data-element_type=\"column\">\n\t\t\t<div class=\"elementor-widget-wrap elementor-element-populated\">\n\t\t\t\t\t\t\t\t<div class=\"elementor-element elementor-element-76224e9 elementor-widget elementor-widget-text-editor\" data-id=\"76224e9\" data-element_type=\"widget\" data-widget_type=\"text-editor.default\">\n\t\t\t\t<div class=\"elementor-widget-container\">\n\t\t\t<style>\/*! elementor - v3.16.0 - 17-10-2023 *\/\n.elementor-widget-text-editor.elementor-drop-cap-view-stacked .elementor-drop-cap{background-color:#69727d;color:#fff}.elementor-widget-text-editor.elementor-drop-cap-view-framed .elementor-drop-cap{color:#69727d;border:3px solid;background-color:transparent}.elementor-widget-text-editor:not(.elementor-drop-cap-view-default) .elementor-drop-cap{margin-top:8px}.elementor-widget-text-editor:not(.elementor-drop-cap-view-default) .elementor-drop-cap-letter{width:1em;height:1em}.elementor-widget-text-editor .elementor-drop-cap{float:left;text-align:center;line-height:1;font-size:50px}.elementor-widget-text-editor .elementor-drop-cap-letter{display:inline-block}<\/style>\t\t\t\t<p>Rue Xhav\u00e9e 12<br \/>4420 Montegn\u00e9e<br \/>T\u00e9l : <a href=\"tel:+32 4 367 03 93\">+32 4 367 03 93<\/a><\/p>\t\t\t\t\t\t<\/div>\n\t\t\t\t<\/div>\n\t\t\t\t\t<\/div>\n\t\t<\/div>\n\t\t\t\t\t\t\t<\/div>\n\t\t<\/section>\n\t\t\t\t\t\t\t<\/div>\n\t\t","protected":false},"excerpt":{"rendered":"<p>Rue Xhav\u00e9e 124420 Montegn\u00e9eT\u00e9l : +32 4 367 03 93<\/p>\n","protected":false},"author":1,"featured_media":0,"parent":0,"menu_order":0,"comment_status":"closed","ping_status":"closed","template":"elementor_header_footer","meta":[],"_links":{"self":[{"href":"https:\/\/mmarchitecture.be\/index.php?rest_route=\/wp\/v2\/pages\/13"}],"collection":[{"href":"https:\/\/mmarchitecture.be\/index.php?rest_route=\/wp\/v2\/pages"}],"about":[{"href":"https:\/\/mmarchitecture.be\/index.php?rest_route=\/wp\/v2\/types\/page"}],"author":[{"embeddable":true,"href":"https:\/\/mmarchitecture.be\/index.php?rest_route=\/wp\/v2\/users\/1"}],"replies":[{"embeddable":true,"href":"https:\/\/mmarchitecture.be\/index.php?rest_route=%2Fwp%2Fv2%2Fcomments&post=13"}],"version-history":[{"count":22,"href":"https:\/\/mmarchitecture.be\/index.php?rest_route=\/wp\/v2\/pages\/13\/revisions"}],"predecessor-version":[{"id":42,"href":"https:\/\/mmarchitecture.be\/index.php?rest_route=\/wp\/v2\/pages\/13\/revisions\/42"}],"wp:attachment":[{"href":"https:\/\/mmarchitecture.be\/index.php?rest_route=%2Fwp%2Fv2%2Fmedia&parent=13"}],"curies":[{"name":"wp","href":"https:\/\/api.w.org\/{rel}","templated":true}]}}